{"id":6,"date":"2019-07-26T10:33:52","date_gmt":"2019-07-26T10:33:52","guid":{"rendered":"https:\/\/demo.themeisle.com\/neve-amadeus\/?page_id=6"},"modified":"2023-07-31T11:58:39","modified_gmt":"2023-07-31T11:58:39","slug":"neve-amadeus-contact","status":"publish","type":"page","link":"https:\/\/www.sonorensemble.fi\/index.php\/neve-amadeus-contact\/","title":{"rendered":"Ota yhteytt\u00e4"},"content":{"rendered":"<h1>Ota yhteytt\u00e4!<\/h1>\n<p>Anna kuulua itsest\u00e4si!<\/p>\n<p>Ota yhteytt\u00e4 \u2013 kun haluat antaa meille kehuja tai kriittist\u00e4 palautetta, kuulla tulevista esiintymisist\u00e4mme,<br \/>\nehk\u00e4 kuulla kuoroamme tai pienemp\u00e4\u00e4 kokoonpanoa jossain tietyss\u00e4 tilaisuudessa tai&#8230;<br \/>\nkun haluat mukaan laulamaan kamarikuoroomme!<\/p>\n<h3>L\u00e4het\u00e4 viesti!<\/h3>\n<p>Ota yhteytt\u00e4 kuoromme puheenjohtaja Seppo Malleniukseen l\u00e4hett\u00e4m\u00e4ll\u00e4 viesti. Sepon tavoittaa my\u00f6s t\u00e4ll\u00e4 s\u00e4hk\u00f6postiosoitteella:<\/p>\n<ul>\n<li>sonorensemble@gmail.com<\/li>\n<\/ul>\n<form id=\"content-form-f493e5a\" action=\"http:\/\/www.sonorensemble.fi\/wp-admin\/admin-post.php\" method=\"post\" name=\"content-form-f493e5a\"><input id=\"_wpnonce_contact\" name=\"_wpnonce_contact\" type=\"hidden\" value=\"af7b867fbc\" \/><input name=\"_wp_http_referer\" type=\"hidden\" value=\"\/wp-admin\/admin-ajax.php\" \/><input name=\"action\" type=\"hidden\" value=\"content_form_submit\" \/><input name=\"form-type\" type=\"hidden\" value=\"contact\" \/><input name=\"form-builder\" type=\"hidden\" value=\"elementor\" \/><input name=\"post-id\" type=\"hidden\" value=\"6\" \/><input name=\"form-id\" type=\"hidden\" value=\"f493e5a\" \/><\/p>\n<fieldset><label for=\"data[f493e5a][name]\">Nimesi *<\/label><input id=\"data[f493e5a][name]\" name=\"data[f493e5a][name]\" required=\"required\" type=\"text\" placeholder=\"Etu- ja sukunimi\" \/><\/fieldset>\n<fieldset><label for=\"data[f493e5a][email]\">S\u00e4hk\u00f6postisi *<\/label><input id=\"data[f493e5a][email]\" name=\"data[f493e5a][email]\" required=\"required\" type=\"text\" placeholder=\"S\u00e4hk\u00f6postiosoite\" \/><\/fieldset>\n<fieldset><label for=\"data[f493e5a][message]\">Viestisi *<\/label><textarea id=\"data[f493e5a][message]\" cols=\"30\" name=\"data[f493e5a][message]\" required=\"required\" rows=\"5\" placeholder=\"Kirjoita viestisi t\u00e4h\u00e4n\"><\/textarea><\/fieldset>\n<fieldset><button name=\"submit\" type=\"submit\" value=\"submit-contact-f493e5a\">L\u00e4het\u00e4<\/button><\/fieldset>\n<\/form>\n","protected":false},"excerpt":{"rendered":"<p>Ota yhteytt\u00e4! Anna kuulua itsest\u00e4si! Ota yhteytt\u00e4 \u2013 kun haluat antaa meille kehuja tai kriittist\u00e4 palautetta, kuulla tulevista esiintymisist\u00e4mme, ehk\u00e4 kuulla kuoroamme tai pienemp\u00e4\u00e4 kokoonpanoa jossain tietyss\u00e4 tilaisuudessa tai&#8230; kun haluat mukaan laulamaan kamarikuoroomme! L\u00e4het\u00e4 viesti! Ota yhteytt\u00e4 kuoromme puheenjohtaja Seppo Malleniukseen l\u00e4hett\u00e4m\u00e4ll\u00e4 viesti. Sepon tavoittaa my\u00f6s t\u00e4ll\u00e4 s\u00e4hk\u00f6postiosoitteella: sonorensemble@gmail.com Nimesi * S\u00e4hk\u00f6postisi * Viestisi&hellip;&nbsp;<a href=\"https:\/\/www.sonorensemble.fi\/index.php\/neve-amadeus-contact\/\" rel=\"bookmark\">Lue lis\u00e4\u00e4 &raquo;<span class=\"screen-reader-text\">Ota yhteytt\u00e4<\/span><\/a><\/p>\n","protected":false},"author":1,"featured_media":0,"parent":0,"menu_order":0,"comment_status":"closed","ping_status":"closed","template":"page-templates\/template-pagebuilder-full-width.php","meta":{"neve_meta_sidebar":"default","neve_meta_container":"default","neve_meta_enable_content_width":"off","neve_meta_content_width":70,"neve_meta_title_alignment":"","neve_meta_author_avatar":"","neve_post_elements_order":"","neve_meta_disable_header":"off","neve_meta_disable_footer":"off","neve_meta_disable_title":"off","footnotes":""},"class_list":["post-6","page","type-page","status-publish","hentry"],"_links":{"self":[{"href":"https:\/\/www.sonorensemble.fi\/index.php\/wp-json\/wp\/v2\/pages\/6","targetHints":{"allow":["GET"]}}],"collection":[{"href":"https:\/\/www.sonorensemble.fi\/index.php\/wp-json\/wp\/v2\/pages"}],"about":[{"href":"https:\/\/www.sonorensemble.fi\/index.php\/wp-json\/wp\/v2\/types\/page"}],"author":[{"embeddable":true,"href":"https:\/\/www.sonorensemble.fi\/index.php\/wp-json\/wp\/v2\/users\/1"}],"replies":[{"embeddable":true,"href":"https:\/\/www.sonorensemble.fi\/index.php\/wp-json\/wp\/v2\/comments?post=6"}],"version-history":[{"count":42,"href":"https:\/\/www.sonorensemble.fi\/index.php\/wp-json\/wp\/v2\/pages\/6\/revisions"}],"predecessor-version":[{"id":4646,"href":"https:\/\/www.sonorensemble.fi\/index.php\/wp-json\/wp\/v2\/pages\/6\/revisions\/4646"}],"wp:attachment":[{"href":"https:\/\/www.sonorensemble.fi\/index.php\/wp-json\/wp\/v2\/media?parent=6"}],"curies":[{"name":"wp","href":"https:\/\/api.w.org\/{rel}","templated":true}]}}